{"id":746,"date":"2025-01-23T10:07:04","date_gmt":"2025-01-23T09:07:04","guid":{"rendered":"https:\/\/www.symbiose-event.com\/visiteurs\/?page_id=746"},"modified":"2025-01-23T10:09:20","modified_gmt":"2025-01-23T09:09:20","slug":"home","status":"publish","type":"page","link":"https:\/\/www.symbiose-event.com\/visiteurs\/en\/home\/","title":{"rendered":"Home"},"content":{"rendered":"<p>[et_pb_section fb_built=\u00a0\u00bb1&Prime; _builder_version=\u00a0\u00bb4.24.0&Prime; _module_preset=\u00a0\u00bbdefault\u00a0\u00bb background_enable_image=\u00a0\u00bboff\u00a0\u00bb background_size=\u00a0\u00bbinitial\u00a0\u00bb custom_padding=\u00a0\u00bb0px||0px||true|\u00a0\u00bb global_colors_info=\u00a0\u00bb{}\u00a0\u00bb][et_pb_row _builder_version=\u00a0\u00bb4.27.4&Prime; _module_preset=\u00a0\u00bbdefault\u00a0\u00bb width=\u00a0\u00bb100%\u00a0\u00bb max_width=\u00a0\u00bb1500px\u00a0\u00bb custom_padding=\u00a0\u00bb0px||0px|||\u00a0\u00bb global_colors_info=\u00a0\u00bb{}\u00a0\u00bb][et_pb_column type=\u00a0\u00bb4_4&Prime; _builder_version=\u00a0\u00bb4.24.0&Prime; _module_preset=\u00a0\u00bbdefault\u00a0\u00bb global_colors_info=\u00a0\u00bb{}\u00a0\u00bb][et_pb_image src=\u00a0\u00bbhttps:\/\/www.symbiose-event.com\/visiteurs\/wp-content\/uploads\/2025\/01\/bandeau.jpg\u00a0\u00bb title_text=\u00a0\u00bbbandeau\u00a0\u00bb align=\u00a0\u00bbcenter\u00a0\u00bb _builder_version=\u00a0\u00bb4.27.4&Prime; _module_preset=\u00a0\u00bbdefault\u00a0\u00bb global_colors_info=\u00a0\u00bb{}\u00a0\u00bb][\/et_pb_image][\/et_pb_column][\/et_pb_row][\/et_pb_section][et_pb_section fb_built=\u00a0\u00bb1&Prime; module_id=\u00a0\u00bbhomeSignupSection\u00a0\u00bb _builder_version=\u00a0\u00bb4.16&Prime; background_enable_image=\u00a0\u00bboff\u00a0\u00bb custom_padding=\u00a0\u00bb2px||70px||false|\u00a0\u00bb locked=\u00a0\u00bboff\u00a0\u00bb global_colors_info=\u00a0\u00bb{}\u00a0\u00bb][et_pb_row use_custom_gutter=\u00a0\u00bbon\u00a0\u00bb make_equal=\u00a0\u00bbon\u00a0\u00bb _builder_version=\u00a0\u00bb4.16&Prime; width=\u00a0\u00bb95%\u00a0\u00bb max_width=\u00a0\u00bb1500px\u00a0\u00bb custom_padding=\u00a0\u00bb0px||0px|||\u00a0\u00bb global_colors_info=\u00a0\u00bb{}\u00a0\u00bb][et_pb_column type=\u00a0\u00bb4_4&Prime; _builder_version=\u00a0\u00bb4.16&Prime; global_colors_info=\u00a0\u00bb{}\u00a0\u00bb][et_pb_code module_id=\u00a0\u00bbhomeSignup\u00a0\u00bb _builder_version=\u00a0\u00bb4.16&Prime; global_colors_info=\u00a0\u00bb{}\u00a0\u00bb]<div class=\"woocommerce\"><\/div>[\/et_pb_code][\/et_pb_column][\/et_pb_row][\/et_pb_section][et_pb_section fb_built=\u00a0\u00bb1&Prime; _builder_version=\u00a0\u00bb4.14.8&Prime; background_color=\u00a0\u00bb#efefef\u00a0\u00bb custom_padding=\u00a0\u00bb0px|0px|0px|0px|true|false\u00a0\u00bb global_module=\u00a0\u00bb566&Prime; locked=\u00a0\u00bboff\u00a0\u00bb global_colors_info=\u00a0\u00bb{}\u00a0\u00bb][et_pb_row column_structure=\u00a0\u00bb1_4,1_4,1_4,1_4&Prime; module_class=\u00a0\u00bb et_pb_row_fullwidth\u00a0\u00bb _builder_version=\u00a0\u00bb4.16&Prime; background_size=\u00a0\u00bbinitial\u00a0\u00bb background_position=\u00a0\u00bbtop_left\u00a0\u00bb background_repeat=\u00a0\u00bbrepeat\u00a0\u00bb width=\u00a0\u00bb95%\u00a0\u00bb max_width=\u00a0\u00bb95%\u00a0\u00bb module_alignment=\u00a0\u00bbcenter\u00a0\u00bb custom_margin=\u00a0\u00bb-1px|auto|-1px|auto|true|false\u00a0\u00bb custom_padding=\u00a0\u00bb||7px|||\u00a0\u00bb make_fullwidth=\u00a0\u00bbon\u00a0\u00bb global_colors_info=\u00a0\u00bb{}\u00a0\u00bb][et_pb_column type=\u00a0\u00bb1_4&Prime; _builder_version=\u00a0\u00bb4.16&Prime; custom_padding=\u00a0\u00bb|||\u00a0\u00bb global_colors_info=\u00a0\u00bb{}\u00a0\u00bb custom_padding__hover=\u00a0\u00bb|||\u00a0\u00bb][et_pb_image src=\u00a0\u00bbhttps:\/\/www.symbiose-event.com\/visiteurs\/wp-content\/uploads\/2023\/03\/logo-symbiose.png\u00a0\u00bb title_text=\u00a0\u00bblogo-symbiose\u00a0\u00bb align_tablet=\u00a0\u00bbcenter\u00a0\u00bb align_phone=\u00a0\u00bb\u00a0\u00bb align_last_edited=\u00a0\u00bbon|desktop\u00a0\u00bb _builder_version=\u00a0\u00bb4.19.5&Prime; module_alignment=\u00a0\u00bbcenter\u00a0\u00bb custom_margin=\u00a0\u00bb0px||3px||false|false\u00a0\u00bb custom_padding=\u00a0\u00bb0px|25px||25px|false|true\u00a0\u00bb border_radii=\u00a0\u00bbon|35px|35px|35px|35px\u00a0\u00bb locked=\u00a0\u00bboff\u00a0\u00bb global_colors_info=\u00a0\u00bb{}\u00a0\u00bb][\/et_pb_image][\/et_pb_column][et_pb_column type=\u00a0\u00bb1_4&Prime; _builder_version=\u00a0\u00bb4.16&Prime; custom_padding=\u00a0\u00bb|||\u00a0\u00bb global_colors_info=\u00a0\u00bb{}\u00a0\u00bb custom_padding__hover=\u00a0\u00bb|||\u00a0\u00bb][et_pb_text _builder_version=\u00a0\u00bb4.16&Prime; header_font=\u00a0\u00bb||||||||\u00a0\u00bb header_4_font=\u00a0\u00bb|600|||||||\u00a0\u00bb header_4_text_align=\u00a0\u00bbcenter\u00a0\u00bb header_4_text_color=\u00a0\u00bb#000000&Prime; header_4_font_size=\u00a0\u00bb19px\u00a0\u00bb header_4_line_height=\u00a0\u00bb0.9em\u00a0\u00bb custom_margin=\u00a0\u00bb||4px\u00a0\u00bb custom_padding=\u00a0\u00bb||0px|||\u00a0\u00bb locked=\u00a0\u00bboff\u00a0\u00bb global_colors_info=\u00a0\u00bb{}\u00a0\u00bb]<\/p>\n<h4>\u00c0 propos<\/h4>\n<p>[\/et_pb_text][et_pb_divider color=\u00a0\u00bb#000000&Prime; _builder_version=\u00a0\u00bb4.16&Prime; custom_margin=\u00a0\u00bb||0px\u00a0\u00bb locked=\u00a0\u00bboff\u00a0\u00bb global_colors_info=\u00a0\u00bb{}\u00a0\u00bb][\/et_pb_divider][et_pb_text _builder_version=\u00a0\u00bb4.16&Prime; text_font=\u00a0\u00bb||||||||\u00a0\u00bb text_text_color=\u00a0\u00bbrgba(0,0,0,0.5)\u00a0\u00bb custom_margin=\u00a0\u00bb||10px|||\u00a0\u00bb locked=\u00a0\u00bboff\u00a0\u00bb global_colors_info=\u00a0\u00bb{}\u00a0\u00bb]<\/p>\n<p style=\"text-align: justify;\">Cr\u00e9\u00e9e en 1994, SYMBIOSE Communication Environnement se positionne comme la premi\u00e8re agence de communication sp\u00e9cialis\u00e9e dans l\u2019organisation de salons professionnels internationaux.<\/p>\n<p>[\/et_pb_text][\/et_pb_column][et_pb_column type=\u00a0\u00bb1_4&Prime; _builder_version=\u00a0\u00bb4.16&Prime; custom_padding=\u00a0\u00bb|||\u00a0\u00bb global_colors_info=\u00a0\u00bb{}\u00a0\u00bb custom_padding__hover=\u00a0\u00bb|||\u00a0\u00bb][et_pb_text _builder_version=\u00a0\u00bb4.16&Prime; header_font=\u00a0\u00bb||||||||\u00a0\u00bb header_4_font=\u00a0\u00bb|600|||||||\u00a0\u00bb header_4_text_align=\u00a0\u00bbcenter\u00a0\u00bb header_4_text_color=\u00a0\u00bb#000000&Prime; header_4_font_size=\u00a0\u00bb19px\u00a0\u00bb header_4_line_height=\u00a0\u00bb0.9em\u00a0\u00bb custom_margin=\u00a0\u00bb||4px\u00a0\u00bb custom_padding=\u00a0\u00bb||0px|||\u00a0\u00bb locked=\u00a0\u00bboff\u00a0\u00bb global_colors_info=\u00a0\u00bb{}\u00a0\u00bb]<\/p>\n<h4>Acc\u00e8s rapide<\/h4>\n<p>[\/et_pb_text][et_pb_divider color=\u00a0\u00bb#000000&Prime; _builder_version=\u00a0\u00bb4.16&Prime; custom_margin=\u00a0\u00bb||0px\u00a0\u00bb locked=\u00a0\u00bboff\u00a0\u00bb global_colors_info=\u00a0\u00bb{}\u00a0\u00bb][\/et_pb_divider][et_pb_text ul_type=\u00a0\u00bbsquare\u00a0\u00bb ul_position=\u00a0\u00bbinside\u00a0\u00bb _builder_version=\u00a0\u00bb4.16&Prime; text_font=\u00a0\u00bb||||||||\u00a0\u00bb text_text_color=\u00a0\u00bb#000000&Prime; text_line_height=\u00a0\u00bb1.9em\u00a0\u00bb link_text_color=\u00a0\u00bbrgba(0,0,0,0.5)\u00a0\u00bb ul_font=\u00a0\u00bb|300|||||||\u00a0\u00bb ul_text_align=\u00a0\u00bbleft\u00a0\u00bb ul_text_color=\u00a0\u00bb#000000&Prime; ul_font_size=\u00a0\u00bb19px\u00a0\u00bb ul_line_height=\u00a0\u00bb2.2em\u00a0\u00bb custom_margin=\u00a0\u00bb|||16px||\u00a0\u00bb locked=\u00a0\u00bboff\u00a0\u00bb global_colors_info=\u00a0\u00bb{}\u00a0\u00bb text_letter_spacing__hover_enabled=\u00a0\u00bbon|desktop\u00a0\u00bb]<\/p>\n<li><a href=\"#\">A propos<\/a><\/li>\n<li><a href=\"#\">Salons<\/a><\/li>\n<li><a href=\"#\">Editions<\/a><\/li>\n<li><a href=\"#\">Espace exposants<\/a><\/li>\n<li><a href=\"#\">Connexion \/ Inscription<\/a><\/li>\n<p>[\/et_pb_text][\/et_pb_column][et_pb_column type=\u00a0\u00bb1_4&Prime; _builder_version=\u00a0\u00bb4.16&Prime; custom_padding=\u00a0\u00bb|||\u00a0\u00bb global_colors_info=\u00a0\u00bb{}\u00a0\u00bb custom_padding__hover=\u00a0\u00bb|||\u00a0\u00bb][et_pb_text _builder_version=\u00a0\u00bb4.19.5&Prime; header_font=\u00a0\u00bb||||||||\u00a0\u00bb header_4_font=\u00a0\u00bb|600|||||||\u00a0\u00bb header_4_text_align=\u00a0\u00bbcenter\u00a0\u00bb header_4_text_color=\u00a0\u00bb#000000&Prime; header_4_font_size=\u00a0\u00bb19px\u00a0\u00bb header_4_line_height=\u00a0\u00bb0.9em\u00a0\u00bb custom_margin=\u00a0\u00bb||4px\u00a0\u00bb custom_padding=\u00a0\u00bb||0px|||\u00a0\u00bb locked=\u00a0\u00bboff\u00a0\u00bb global_colors_info=\u00a0\u00bb{}\u00a0\u00bb]<\/p>\n<h4>Lieux de l&rsquo;exposition<\/h4>\n<p>[\/et_pb_text][et_pb_divider color=\u00a0\u00bb#000000&Prime; _builder_version=\u00a0\u00bb4.16&Prime; custom_margin=\u00a0\u00bb||0px\u00a0\u00bb locked=\u00a0\u00bboff\u00a0\u00bb global_colors_info=\u00a0\u00bb{}\u00a0\u00bb][\/et_pb_divider][et_pb_text _builder_version=\u00a0\u00bb4.19.5&Prime; _module_preset=\u00a0\u00bbdefault\u00a0\u00bb global_colors_info=\u00a0\u00bb{}\u00a0\u00bb]<iframe src=\"https:\/\/www.google.com\/maps\/embed?pb=!1m14!1m12!1m3!1d3197.5099443843915!2d3.1502126147185527!3d36.73432907910572!2m3!1f0!2f0!3f0!3m2!1i1024!2i768!4f13.1!5e0!3m2!1sfr!2sdz!4v1679483588482!5m2!1sfr!2sdz\" style=\"border: 0;\" allowfullscreen=\"\" loading=\"lazy\" width=\"600\" height=\"150\"><\/iframe>[\/et_pb_text][\/et_pb_column][\/et_pb_row][\/et_pb_section]<\/p>\n","protected":false},"excerpt":{"rendered":"<p><div class=\"woocommerce\"><\/div>\u00c0 proposCr\u00e9\u00e9e en 1994, SYMBIOSE Communication Environnement se positionne comme la premi\u00e8re agence de communication sp\u00e9cialis\u00e9e dans l\u2019organisation de salons professionnels internationaux.Acc\u00e8s rapideA propos Salons Editions Espace exposants Connexion \/ InscriptionLieux de l&rsquo;exposition<\/p>\n","protected":false},"author":1,"featured_media":0,"parent":0,"menu_order":0,"comment_status":"closed","ping_status":"closed","template":"","meta":{"_et_pb_use_builder":"on","_et_pb_old_content":"[et_pb_section fb_built=\"1\" _builder_version=\"4.24.0\" _module_preset=\"default\" background_enable_image=\"off\" background_size=\"initial\" custom_padding=\"0px||0px||true|\" global_colors_info=\"{}\"][et_pb_row _builder_version=\"4.27.4\" _module_preset=\"default\" width=\"100%\" max_width=\"1500px\" custom_padding=\"0px||0px|||\" hover_enabled=\"0\" global_colors_info=\"{}\" sticky_enabled=\"0\"][et_pb_column type=\"4_4\" _builder_version=\"4.24.0\" _module_preset=\"default\" global_colors_info=\"{}\"][et_pb_image src=\"https:\/\/www.symbiose-event.com\/visiteurs\/wp-content\/uploads\/2025\/01\/bandeau.jpg\" title_text=\"bandeau\" _builder_version=\"4.27.4\" _module_preset=\"default\" hover_enabled=\"0\" global_colors_info=\"{}\" sticky_enabled=\"0\" align=\"center\"][\/et_pb_image][\/et_pb_column][\/et_pb_row][\/et_pb_section][et_pb_section fb_built=\"1\" module_id=\"homeSignupSection\" _builder_version=\"4.16\" background_enable_image=\"off\" custom_padding=\"2px||70px||false|\" locked=\"off\" global_colors_info=\"{}\"][et_pb_row use_custom_gutter=\"on\" make_equal=\"on\" _builder_version=\"4.16\" width=\"95%\" max_width=\"1500px\" custom_padding=\"0px||0px|||\" global_colors_info=\"{}\"][et_pb_column type=\"4_4\" _builder_version=\"4.16\" global_colors_info=\"{}\"][et_pb_code module_id=\"homeSignup\" _builder_version=\"4.16\" global_colors_info=\"{}\"][woocommerce_my_account][\/et_pb_code][\/et_pb_column][\/et_pb_row][\/et_pb_section][et_pb_section fb_built=\"1\" _builder_version=\"4.14.8\" background_color=\"#efefef\" custom_padding=\"0px|0px|0px|0px|true|false\" global_module=\"566\" locked=\"off\" global_colors_info=\"{}\"][et_pb_row column_structure=\"1_4,1_4,1_4,1_4\" module_class=\" et_pb_row_fullwidth\" _builder_version=\"4.16\" background_size=\"initial\" background_position=\"top_left\" background_repeat=\"repeat\" width=\"95%\" max_width=\"95%\" module_alignment=\"center\" custom_margin=\"-1px|auto|-1px|auto|true|false\" custom_padding=\"||7px|||\" make_fullwidth=\"on\" global_colors_info=\"{}\"][et_pb_column type=\"1_4\" _builder_version=\"4.16\" custom_padding=\"|||\" global_colors_info=\"{}\" custom_padding__hover=\"|||\"][et_pb_image src=\"https:\/\/www.symbiose-event.com\/visiteurs\/wp-content\/uploads\/2023\/03\/logo-symbiose.png\" title_text=\"logo-symbiose\" align_tablet=\"center\" align_phone=\"\" align_last_edited=\"on|desktop\" _builder_version=\"4.19.5\" module_alignment=\"center\" custom_margin=\"0px||3px||false|false\" custom_padding=\"0px|25px||25px|false|true\" border_radii=\"on|35px|35px|35px|35px\" locked=\"off\" global_colors_info=\"{}\"][\/et_pb_image][\/et_pb_column][et_pb_column type=\"1_4\" _builder_version=\"4.16\" custom_padding=\"|||\" global_colors_info=\"{}\" custom_padding__hover=\"|||\"][et_pb_text _builder_version=\"4.16\" header_font=\"||||||||\" header_4_font=\"|600|||||||\" header_4_text_align=\"center\" header_4_text_color=\"#000000\" header_4_font_size=\"19px\" header_4_line_height=\"0.9em\" custom_margin=\"||4px\" custom_padding=\"||0px|||\" locked=\"off\" global_colors_info=\"{}\"]<h4>\u00c0 propos<\/h4>[\/et_pb_text][et_pb_divider color=\"#000000\" _builder_version=\"4.16\" custom_margin=\"||0px\" locked=\"off\" global_colors_info=\"{}\"][\/et_pb_divider][et_pb_text _builder_version=\"4.16\" text_font=\"||||||||\" text_text_color=\"rgba(0,0,0,0.5)\" custom_margin=\"||10px|||\" locked=\"off\" global_colors_info=\"{}\"]<p style=\"text-align: justify;\">Cr\u00e9\u00e9e en 1994, SYMBIOSE Communication Environnement se positionne comme la premi\u00e8re agence de communication sp\u00e9cialis\u00e9e dans l\u2019organisation de salons professionnels internationaux.<\/p>[\/et_pb_text][\/et_pb_column][et_pb_column type=\"1_4\" _builder_version=\"4.16\" custom_padding=\"|||\" global_colors_info=\"{}\" custom_padding__hover=\"|||\"][et_pb_text _builder_version=\"4.16\" header_font=\"||||||||\" header_4_font=\"|600|||||||\" header_4_text_align=\"center\" header_4_text_color=\"#000000\" header_4_font_size=\"19px\" header_4_line_height=\"0.9em\" custom_margin=\"||4px\" custom_padding=\"||0px|||\" locked=\"off\" global_colors_info=\"{}\"]<h4>Acc\u00e8s rapide<\/h4>[\/et_pb_text][et_pb_divider color=\"#000000\" _builder_version=\"4.16\" custom_margin=\"||0px\" locked=\"off\" global_colors_info=\"{}\"][\/et_pb_divider][et_pb_text ul_type=\"square\" ul_position=\"inside\" _builder_version=\"4.16\" text_font=\"||||||||\" text_text_color=\"#000000\" text_line_height=\"1.9em\" link_text_color=\"rgba(0,0,0,0.5)\" ul_font=\"|300|||||||\" ul_text_align=\"left\" ul_text_color=\"#000000\" ul_font_size=\"19px\" ul_line_height=\"2.2em\" custom_margin=\"|||16px||\" locked=\"off\" global_colors_info=\"{}\" text_letter_spacing__hover_enabled=\"on|desktop\"]<li><a href=\"#\">A propos<\/a><\/li>\r\n<li><a href=\"#\">Salons<\/a><\/li>\r\n<li><a href=\"#\">Editions<\/a><\/li>\r\n<li><a href=\"#\">Espace exposants<\/a><\/li>\r\n<li><a href=\"#\">Connexion \/ Inscription<\/a><\/li>[\/et_pb_text][\/et_pb_column][et_pb_column type=\"1_4\" _builder_version=\"4.16\" custom_padding=\"|||\" global_colors_info=\"{}\" custom_padding__hover=\"|||\"][et_pb_text _builder_version=\"4.19.5\" header_font=\"||||||||\" header_4_font=\"|600|||||||\" header_4_text_align=\"center\" header_4_text_color=\"#000000\" header_4_font_size=\"19px\" header_4_line_height=\"0.9em\" custom_margin=\"||4px\" custom_padding=\"||0px|||\" locked=\"off\" global_colors_info=\"{}\"]<h4>Lieux de l'exposition<\/h4>[\/et_pb_text][et_pb_divider color=\"#000000\" _builder_version=\"4.16\" custom_margin=\"||0px\" locked=\"off\" global_colors_info=\"{}\"][\/et_pb_divider][et_pb_text _builder_version=\"4.19.5\" _module_preset=\"default\" global_colors_info=\"{}\"]<iframe src=\"https:\/\/www.google.com\/maps\/embed?pb=!1m14!1m12!1m3!1d3197.5099443843915!2d3.1502126147185527!3d36.73432907910572!2m3!1f0!2f0!3f0!3m2!1i1024!2i768!4f13.1!5e0!3m2!1sfr!2sdz!4v1679483588482!5m2!1sfr!2sdz\" style=\"border: 0;\" allowfullscreen=\"\" loading=\"lazy\" width=\"600\" height=\"150\"><\/iframe>[\/et_pb_text][\/et_pb_column][\/et_pb_row][\/et_pb_section]","_et_gb_content_width":"","footnotes":""},"class_list":["post-746","page","type-page","status-publish","hentry"],"_links":{"self":[{"href":"https:\/\/www.symbiose-event.com\/visiteurs\/wp-json\/wp\/v2\/pages\/746","targetHints":{"allow":["GET"]}}],"collection":[{"href":"https:\/\/www.symbiose-event.com\/visiteurs\/wp-json\/wp\/v2\/pages"}],"about":[{"href":"https:\/\/www.symbiose-event.com\/visiteurs\/wp-json\/wp\/v2\/types\/page"}],"author":[{"embeddable":true,"href":"https:\/\/www.symbiose-event.com\/visiteurs\/wp-json\/wp\/v2\/users\/1"}],"replies":[{"embeddable":true,"href":"https:\/\/www.symbiose-event.com\/visiteurs\/wp-json\/wp\/v2\/comments?post=746"}],"version-history":[{"count":0,"href":"https:\/\/www.symbiose-event.com\/visiteurs\/wp-json\/wp\/v2\/pages\/746\/revisions"}],"wp:attachment":[{"href":"https:\/\/www.symbiose-event.com\/visiteurs\/wp-json\/wp\/v2\/media?parent=746"}],"curies":[{"name":"wp","href":"https:\/\/api.w.org\/{rel}","templated":true}]}}